{"id":1667,"date":"2018-04-19T15:03:17","date_gmt":"2018-04-19T12:03:17","guid":{"rendered":"http:\/\/sfc-hakalanranta.com\/?page_id=1667"},"modified":"2026-03-25T20:12:25","modified_gmt":"2026-03-25T18:12:25","slug":"sfc-038-yhdistyksen-saannot","status":"publish","type":"page","link":"https:\/\/sfc-hakalanranta.com\/en\/jasenalue\/sfc-038-yhdistyksen-saannot\/","title":{"rendered":"SFC-038 &#8211; yhdistyksen s\u00e4\u00e4nn\u00f6t"},"content":{"rendered":"<h2>Yhdistyksen s\u00e4\u00e4nn\u00f6t<\/h2>\n<h4>1 \u00a7 NIMI JA KOTIPAIKKA<\/h4>\n<p>Yhdistyksen nimi on\u00a0<strong>SF-Caravan Valkeakosken seutu ry<\/strong><\/p>\n<p>Yhdistyksen kotipaikka on\u00a0<strong>Valkeakoski<\/strong><\/p>\n<p>Yhdistys kuuluu j\u00e4senyhdistyksen\u00e4 SF-Caravan ry:een, josta k\u00e4ytet\u00e4\u00e4n n\u00e4iss\u00e4 s\u00e4\u00e4nn\u00f6iss\u00e4 nimityst\u00e4 liitto.<\/p>\n<p>J\u00e4senyhdistyksell\u00e4 on liiton suostumuksella oikeus k\u00e4ytt\u00e4\u00e4 nimess\u00e4\u00e4n yhdistelm\u00e4\u00e4 \u201dSF-Caravan\u201d.<\/p>\n<p>Mik\u00e4li j\u00e4senyhdistys eroaa tai se erotetaan liiton j\u00e4senyydest\u00e4, sen oikeus yhdistelm\u00e4n \u201dSF-Caravan\u201d k\u00e4ytt\u00e4miseen nimess\u00e4\u00e4n p\u00e4\u00e4ttyy. Eronnut tai erotettu j\u00e4senyhdistys ei saa my\u00f6sk\u00e4\u00e4n k\u00e4ytt\u00e4\u00e4 nimess\u00e4\u00e4n tai toiminnassaan muutakaan ilmaisua, tunnusta tai merkki\u00e4 tms., joka viittaa j\u00e4rjest\u00f6suhteeseen liiton kanssa.<\/p>\n<p>J\u00e4senyhdistyksen on muutettava nimens\u00e4 ja rekister\u00f6it\u00e4v\u00e4 se yhdistysrekisteriin kolmen kuukauden kuluessa eron tai erottamisen tultua lainvoimaiseksi.<\/p>\n<h4>\u00a0<\/h4>\n<h4>2 \u00a7 TARKOITUS JA TOIMINTA<\/h4>\n<p>Yhdistyksen tarkoituksena on edist\u00e4\u00e4 toimialueellaan leirint\u00e4matkailua, matkailuajoneuvojen k\u00e4ytt\u00f6mahdollisuuksia, liikenne- ja leirint\u00e4turvallisuutta sek\u00e4 ymp\u00e4rist\u00f6nsuojelua. Yhdistys edist\u00e4\u00e4 j\u00e4sentens\u00e4 yhteistoimintaa eri tavoin, oikeaa karavaanarihenke\u00e4 ja pysyv\u00e4\u00e4 harrastusta leirint\u00e4matkailuun.<\/p>\n<p>Tarkoituksensa toteuttamiseksi yhdistys<\/p>\n<p>&#8211;\u00a0\u00a0\u00a0\u00a0\u00a0\u00a0 j\u00e4rjest\u00e4\u00e4 kokouksia, retki\u00e4, leirej\u00e4, treffej\u00e4, illanviettoja, n\u00e4yttelyit\u00e4, kilpailuja ja muita vastaavia tilaisuuksia j\u00e4senilleen<\/p>\n<p>&#8211;\u00a0\u00a0\u00a0\u00a0\u00a0\u00a0 j\u00e4rjest\u00e4\u00e4 j\u00e4senilleen opastusta ja neuvontaa toimialaansa koskevissa asioissa<\/p>\n<p>&#8211;\u00a0\u00a0\u00a0\u00a0\u00a0\u00a0 harjoittaa julkaisu- ja tiedotustoimintaa<\/p>\n<p>&#8211;\u00a0\u00a0\u00a0\u00a0\u00a0\u00a0 vaikuttaa toimialueellaan leirint\u00e4matkailun edellytysten syntymiseen ja parantamiseen ja niiden edist\u00e4miseen<\/p>\n<p>&#8211;\u00a0\u00a0\u00a0\u00a0\u00a0\u00a0 tekee esityksi\u00e4 ja aloitteita, antaa lausuntoja sek\u00e4 edustaa j\u00e4seni\u00e4\u00e4n suhteissa p\u00e4\u00e4t\u00f6ksentekij\u00f6ihin, viranomaisiin ja eri yhteis\u00f6ihin<\/p>\n<p>Toimintansa tukemiseksi voi yhdistys asianomaisen luvan tarvittaessa saatuaan<\/p>\n<p>&#8211;\u00a0\u00a0\u00a0\u00a0\u00a0\u00a0 j\u00e4rjest\u00e4\u00e4 arpajaisia ja myyj\u00e4isi\u00e4 ja varainker\u00e4yksi\u00e4<\/p>\n<p>&#8211;\u00a0\u00a0\u00a0\u00a0\u00a0\u00a0 harjoittaa majoitus- ja ravitsemistoimintaa<\/p>\n<p>&#8211;\u00a0\u00a0\u00a0\u00a0\u00a0\u00a0 ottaa vastaan avustuksia, lahjoituksia ja testamentteja<\/p>\n<p>&#8211;\u00a0\u00a0\u00a0\u00a0\u00a0\u00a0 omistaa toimintaansa varten tarpeellista kiinte\u00e4t\u00e4 ja irtainta omaisuutta.<\/p>\n<h4>\u00a0<\/h4>\n<h4>3 \u00a7 J\u00c4SENET<\/h4>\n<p>Yhdistyksen j\u00e4senet voivat olla varsinaisia j\u00e4seni\u00e4, rinnakkais-, kunnia- ja yhteis\u00f6j\u00e4seni\u00e4.<\/p>\n<p>Sen, joka tahtoo liitty\u00e4 yhdistyksen j\u00e4seneksi, on ilmoitettava aikomuksestaan yhdistykselle.<\/p>\n<p>J\u00e4senen hyv\u00e4ksymisest\u00e4 p\u00e4\u00e4tt\u00e4\u00e4 yhdistyksen hallitus. Yhdistyksen kokous voi kutsua kunniaj\u00e4seneksi tai kunniapuheenjohtajaksi erityisesti ansioituneen henkil\u00f6n.<\/p>\n<p>Yhdistyksen varsinaiseksi j\u00e4seneksi voidaan hyv\u00e4ksy\u00e4 henkil\u00f6, joka ilmoittaa haluavansa liitty\u00e4 yhdistykseen ja suorittaa voimassa olevan j\u00e4senmaksun.<\/p>\n<p>Rinnakkaisj\u00e4seneksi voidaan hyv\u00e4ksy\u00e4 henkil\u00f6, joka asuu samassa taloudessa varsinaisen j\u00e4senen kanssa, ja joka suorittaa p\u00e4\u00e4tetyn j\u00e4senmaksun.<\/p>\n<p>Kunniapuheenjohtajaksi tai kunniaj\u00e4seneksi voi yhdistyksen kokous kutsua erityisesti ansioituneen henkil\u00f6n.<\/p>\n<p>Yhteis\u00f6j\u00e4seneksi voidaan hyv\u00e4ksy\u00e4 rekister\u00f6ity yhdistys, kunta, osakeyhti\u00f6, osuuskunta, s\u00e4\u00e4ti\u00f6 tai muu oikeuskelpoinen yhteis\u00f6, joka haluaa edist\u00e4\u00e4 yhdistyksen tarkoitusperi\u00e4 ja my\u00f6t\u00e4vaikuttaa sen toimintaan ja suorittaa p\u00e4\u00e4tetyn j\u00e4sen- tai muun vastaavan maksun.\u00a0 Yhdistyksen j\u00e4sen kunniapuheenjohtajaa ja kunniaj\u00e4sent\u00e4 lukuun ottamatta, suorittaa vuosikokouksen m\u00e4\u00e4r\u00e4\u00e4m\u00e4n liittymismaksun sek\u00e4 vuotuisen j\u00e4senmaksun<\/p>\n<h4>4 \u00a7 YHDISTYKSEST\u00c4 EROAMINEN<\/h4>\n<p>J\u00e4senell\u00e4 on oikeus milloin tahansa erota yhdistyksest\u00e4 ilmoittamalla siit\u00e4 kirjallisesti yhdistyksen hallitukselle tai sen puheenjohtajalle tai ilmoittamalla siit\u00e4 suullisesti yhdistyksen kokouksessa p\u00f6yt\u00e4kirjaan merkitt\u00e4v\u00e4ksi.<\/p>\n<h4>\u00a0<\/h4>\n<h4>5 \u00a7 KURINPITOTOIMET<\/h4>\n<p>J\u00e4seneen voidaan kohdistaa seuraavia kurinpitotoimenpiteit\u00e4:<\/p>\n<p>&#8211;\u00a0\u00a0\u00a0\u00a0\u00a0\u00a0 erottaminen j\u00e4senyydest\u00e4<\/p>\n<p>&#8211;\u00a0\u00a0\u00a0\u00a0\u00a0\u00a0 m\u00e4\u00e4r\u00e4aikainen erottaminen j\u00e4senyydest\u00e4<\/p>\n<p>&#8211;\u00a0\u00a0\u00a0\u00a0\u00a0\u00a0 rahasakko<\/p>\n<p>&#8211;\u00a0\u00a0\u00a0\u00a0\u00a0\u00a0 julkinen varoitus<\/p>\n<p>&#8211;\u00a0\u00a0\u00a0\u00a0\u00a0\u00a0 varoitus<\/p>\n<p>&#8211;\u00a0\u00a0\u00a0\u00a0\u00a0\u00a0 huomautus<\/p>\n<p>&#8211;\u00a0\u00a0\u00a0\u00a0\u00a0\u00a0 j\u00e4senpalveluiden ep\u00e4\u00e4minen, kuten oikeus kausipaikan vuokraamiseen<\/p>\n<p>Kurinpitotoimien luonteesta p\u00e4\u00e4tt\u00e4\u00e4 hallitus. Ankarin seuraamus on erottaminen j\u00e4senyydest\u00e4. Rahasakkoa (sopimussakkoa) voidaan k\u00e4ytt\u00e4\u00e4 niiss\u00e4 tilanteissa, joissa j\u00e4sen on aiheuttanut taloudellista vahinkoa yhdistykselle. Rahasakon k\u00e4ytt\u00e4minen ei poista yhdistyksen oikeutta peri\u00e4 lis\u00e4ksi todellista vahinkoa vastaava korvaus j\u00e4senelt\u00e4.<\/p>\n<h4>6 \u00a7 YHDISTYKSEST\u00c4 EROTTAMINEN<\/h4>\n<p>Yhdistys voi erottaa j\u00e4senen yhdistyslaissa ja n\u00e4iss\u00e4 s\u00e4\u00e4nn\u00f6iss\u00e4 m\u00e4\u00e4r\u00e4tyill\u00e4 perusteilla.<\/p>\n<p>Yhdistys voi erottaa j\u00e4senen seuraavilla perusteilla:<\/p>\n<ol start=\"1\" type=\"1\">\n<li>J\u00e4sen on j\u00e4tt\u00e4nyt j\u00e4senmaksun maksamatta eik\u00e4 ole huomautuksen saatuaan suorittanut sit\u00e4 asetetussa m\u00e4\u00e4r\u00e4ajassa<\/li>\n<li>J\u00e4sen on laiminly\u00f6nyt muut j\u00e4senvelvoitteensa. T\u00e4m\u00e4 koskee my\u00f6s niit\u00e4 velvoitteita, jotka liittyv\u00e4t j\u00e4senen ja yhdistyksen v\u00e4liseen matkailuvaunun ja\/tai \u2013auton kausipaikan vuokrasopimukseen, tai ett\u00e4 j\u00e4sen on muutoin rikkonut vuokrasopimuksen m\u00e4\u00e4r\u00e4yksi\u00e4.<\/li>\n<li>J\u00e4sen on aiheuttanut huomattavaa vahinkoa yhdistykselle<\/li>\n<li>J\u00e4sen on toiminnallaan halventanut yhdistyksen ja\/tai SF-Caravan ry:n (=liiton) toimintaa ja arvostusta<\/li>\n<li>J\u00e4sen ei ole noudattanut kurinpitom\u00e4\u00e4r\u00e4yksi\u00e4, jotka yhdistys on asettanut tai antanut tai jotka liittyv\u00e4t kausipaikan vuokrasopimukseen<\/li>\n<\/ol>\n<h4>\u00a0<\/h4>\n<h4>7 \u00a7 EROTTAMISMENETTELY<\/h4>\n<p>J\u00e4senen erottamisesta ja muista kurinpitotoimista p\u00e4\u00e4tt\u00e4\u00e4 yhdistyksen hallitus. P\u00e4\u00e4t\u00f6ksess\u00e4 on mainittava erottamisen syy ja p\u00e4\u00e4t\u00f6s on perusteltava niin, ett\u00e4 siit\u00e4 ilmenee j\u00e4senen erottamiseen johtanut toiminta ja menettely.<\/p>\n<p>Ennen p\u00e4\u00e4t\u00f6ksen tekemist\u00e4 j\u00e4senelle on varattava tilaisuus selityksen antamiseen, paitsi milloin erottamisen syyn\u00e4 on j\u00e4senmaksun maksamatta j\u00e4tt\u00e4minen.<\/p>\n<p>J\u00e4senell\u00e4 on oikeus saattaa erottaminen yhdistyksen kokouksen ratkaistavaksi erottamisp\u00e4\u00e4t\u00f6ksess\u00e4 asetetussa m\u00e4\u00e4r\u00e4ajassa.<\/p>\n<p>Yhdistys voi katsoa j\u00e4senen eronneeksi yhdistyksest\u00e4, jos j\u00e4sen on j\u00e4tt\u00e4nyt j\u00e4senmaksunsa maksamatta eik\u00e4 ole kehotuksesta huolimatta maksanut j\u00e4senmaksua kahden kuukauden kuluessa er\u00e4\u00e4ntymisest\u00e4.<\/p>\n<p>Erottamismenettelyss\u00e4 saadaan k\u00e4ytt\u00e4\u00e4 niit\u00e4 yhteistietoja, jotka j\u00e4senest\u00e4 on kirjattu yhdistyksen j\u00e4senrekisteriin. Muistutukset ja varoitukset saadaan toimittaa j\u00e4senelle my\u00f6s s\u00e4hk\u00f6isesti.<\/p>\n<h4>\u00a0<\/h4>\n<h4>8 \u00a7 YHDISTYKSEN KOKOUKSET<\/h4>\n<p>Yhdistyksen j\u00e4senet k\u00e4ytt\u00e4v\u00e4t p\u00e4\u00e4t\u00f6svaltaansa yhdistyksen kokouksessa. Kev\u00e4t- ja syyskokouksen kutsuu koolle hallitus.<\/p>\n<p>Kokouskutsu yhdistyksen kokouksiin on toimitettava j\u00e4senist\u00f6lle ilmoituksella yhdistyksen toiminta-alueella yleisesti levi\u00e4v\u00e4ss\u00e4 sanomalehdess\u00e4 tai j\u00e4senille jaettavassa j\u00e4senlehdess\u00e4, kirjeess\u00e4, s\u00e4hk\u00f6postilla tai j\u00e4senille jaettavalla tiedotteella v\u00e4hint\u00e4\u00e4n kymmenen (10) p\u00e4iv\u00e4\u00e4 ennen kokousta.<\/p>\n<p>Yhdistyksen kokouksessa on yksi (1) \u00e4\u00e4ni jokaisella 15 vuotta t\u00e4ytt\u00e4neell\u00e4 varsinaisella j\u00e4senell\u00e4, rinnakkaisj\u00e4senell\u00e4, kunniapuheenjohtajalla ja kunniaj\u00e4senell\u00e4. \u00c4\u00e4nioikeutta ei ole yhdistyksen kokouksissa yhteis\u00f6j\u00e4senell\u00e4. \u00c4\u00e4nioikeutta ei voi asiamies eik\u00e4 edusmies k\u00e4ytt\u00e4\u00e4.<br \/>Asiat ratkaistaan yksinkertaisella \u00e4\u00e4nten enemmist\u00f6ll\u00e4. \u00c4\u00e4nten menness\u00e4 tasan ratkaisee puheenjohtajan \u00e4\u00e4ni, paitsi vaaleissa arpa.<\/p>\n<p>Yhdistyksen hallitus voi p\u00e4\u00e4tt\u00e4\u00e4, ett\u00e4 kokoukseen voidaan osallistua my\u00f6s postitse taikka tietoliikenneyhteyden tai muun teknisen apuv\u00e4lineen avulla, mist\u00e4 on mainittava kokouskutsussa. Kokouskutsu yhdistyksen kokouksiin toimitetaan j\u00e4senist\u00f6lle yhdistyksen toiminta-alueella yleisesti levi\u00e4viss\u00e4 sanomalehdiss\u00e4 tai j\u00e4senille jaettavassa j\u00e4senlehdiss\u00e4, kirjeess\u00e4, j\u00e4senille jaettavassa tiedotteessa tai yhdistyksen nettisivuilla v\u00e4hint\u00e4\u00e4n kymmenen (10) p\u00e4iv\u00e4\u00e4 ennen kokousta. Kokouskutsussa on lis\u00e4ksi mainittava, jos kokoukseen postitse tai teknisen apuv\u00e4lineen avulla osallistuvan j\u00e4senen puhevallan k\u00e4ytt\u00e4minen on rajoitettua.<\/p>\n<p>Kev\u00e4tkokouksessa, joka pidet\u00e4\u00e4n maalis-toukokuussa, k\u00e4sitell\u00e4\u00e4n seuraavat asiat:<\/p>\n<p>1. K\u00e4sitell\u00e4\u00e4n hallituksen laatima vuosikertomus, tilit ja toiminnantarkastajan lausunto sek\u00e4 p\u00e4\u00e4tet\u00e4\u00e4n tilinp\u00e4\u00e4t\u00f6ksen vahvistamisesta,<br \/>2. P\u00e4\u00e4tet\u00e4\u00e4n vastuuvapauden my\u00f6nt\u00e4misest\u00e4 hallitukselle ja muille tilivelvollisille,<br \/>3. K\u00e4sitell\u00e4\u00e4n kokoukselle esitetyt asiat.<\/p>\n<p>Syyskokouksessa, joka pidet\u00e4\u00e4n syys-marraskuussa, k\u00e4sitell\u00e4\u00e4n seuraavat asiat:<\/p>\n<ol>\n<li>P\u00e4\u00e4tet\u00e4\u00e4n hallituksen j\u00e4senm\u00e4\u00e4r\u00e4st\u00e4<\/li>\n<li>Valitaan joka toinen vuosi hallituksen puheenjohtaja ja hallituksen j\u00e4senet erovuoroisten sijaan,<\/li>\n<li>Valitaan tilej\u00e4 tarkastamaan toiminnantarkastaja ja varatoiminnantarkastaja,<\/li>\n<li>Vahvistetaan toimintasuunnitelma ja talousarvio seuraavalle vuodelle,<\/li>\n<li>P\u00e4\u00e4tet\u00e4\u00e4n j\u00e4senmaksujen suuruudesta,<\/li>\n<li>P\u00e4\u00e4tet\u00e4\u00e4n yhdistyksen edustajille ja hallituksen j\u00e4senille maksettavista matka- ym. korvauksista,<\/li>\n<li>Valitaan edustajat ja heid\u00e4n varahenkil\u00f6ns\u00e4 liiton kokouksiin,<\/li>\n<li>K\u00e4sitell\u00e4\u00e4n kokoukselle esitetyt asiat.<\/li>\n<\/ol>\n<p>Ehdotus kokouksen k\u00e4sitelt\u00e4v\u00e4ksi esitett\u00e4v\u00e4st\u00e4 asiasta tulee toimittaa yhdistyksen hallitukselle niin hyviss\u00e4 ajoin, ett\u00e4 se voidaan ottaa k\u00e4sitelt\u00e4v\u00e4ksi, kuitenkin viimeist\u00e4\u00e4n yksi (1) kuukausi ennen kokousta. K\u00e4sitelt\u00e4v\u00e4ksi esitett\u00e4v\u00e4 asia tulee sis\u00e4llytt\u00e4\u00e4 kokouskutsuun.<\/p>\n<h4>9 \u00a7 YHDISTYKSEN HALLITUS<\/h4>\n<p>Yhdistyksen hallitukseen, jonka teht\u00e4v\u00e4n\u00e4 on huolehtia yhdistyksen toiminnasta, kuuluu puheenjohtaja, joka valitaan kahdeksi (2) vuodeksi kerrallaan ja v\u00e4hint\u00e4\u00e4n kolme (3) ja enint\u00e4\u00e4n kahdeksan (8) j\u00e4sent\u00e4, jotka valitaan kahdeksi (2) vuodeksi kerrallaan.<\/p>\n<p>Hallituksen j\u00e4senist\u00e4 eroaa vuosittain puolet, ensin arvalla ja sitten vuoron mukaan.<\/p>\n<p>Hallitukseen ehdolle vaalikelpoisia ovat ainoastaan ne ehdokkaat, jotka ovat asianmukaisesti ilmoittaneet yhdistyksen hallitukselle viimeist\u00e4\u00e4n 30 vuorokautta ennen vuosikokousta ja joilta on mainittuun ajankohtaan menness\u00e4 saatu kirjallinen suostumus ehdokkaaksi asettumisesta. Hallitus on p\u00e4\u00e4t\u00f6svaltainen, kun v\u00e4hint\u00e4\u00e4n puolet kaikista j\u00e4senist\u00e4 on l\u00e4sn\u00e4 puheenjohtaja tai varapuheenjohtaja mukaan lukien. Hallituksen kokoukset voidaan pit\u00e4\u00e4 kokonaan s\u00e4hk\u00f6isesti, mik\u00e4li kaikki hallituksen j\u00e4senet siihen suostuvat.<\/p>\n<p>Hallitus valitsee keskuudestaan varapuheenjohtajan sek\u00e4 keskuudestaan tai ulkopuoleltaan sihteerin ja taloudenhoitajan sek\u00e4 muut tarvittavat toimihenkil\u00f6t. Hallitus voi asettaa tarpeelliseksi katsomiaan toimikuntia, jaostoja ja ty\u00f6ryhmi\u00e4. Hallitus kokoontuu puheenjohtajan tai h\u00e4nen estyneen\u00e4 ollessaan varapuheenjohtajan kutsusta. Hallituksen toimikausi on kalenterivuosi 1.1. -31.12.<\/p>\n<h4>10 \u00a7 YHDISTYKSEN NIMEN KIRJOITTAMINEN<\/h4>\n<p>Yhdistyksen nimen kirjoittavat hallituksen puheenjohtaja ja varapuheenjohtaja yhdess\u00e4 tai jompikumpi yhdess\u00e4 jonkun hallituksen m\u00e4\u00e4r\u00e4\u00e4m\u00e4n henkil\u00f6n kanssa.<\/p>\n<h4>11 \u00a7 TILIT<strong><br \/><\/strong><\/h4>\n<p>Yhdistyksen tilikausi on 1.1.-31.12. Hallituksen on j\u00e4tett\u00e4v\u00e4 tilit tarkastettavaksi viimeist\u00e4\u00e4n kuukausi ennen kev\u00e4tkokousta.<\/p>\n<p>Yhdistyksell\u00e4 on toiminnantarkastaja ja varatoiminnantarkastaja, jotka valitaan yhdistyksen syyskokouksessa. Toiminnantarkastajan toimikausi on valintaa seuraava yhdistyksen tilikausi.<\/p>\n<p>Toiminnantarkastajan on tarkastettava yhdistyksen talous ja hallinto sek\u00e4 annettava yhdistyksen kokoukselle tarkastuksesta kirjallinen toiminnantarkastuskertomus. Toiminnantarkastuskertomus on toimitettava yhdistyksen hallitukselle viimeist\u00e4\u00e4n kaksikymment\u00e4 (20) p\u00e4iv\u00e4\u00e4 ennen yhdistyksen kev\u00e4tkokousta.<\/p>\n<h4>12 \u00a7 S\u00c4\u00c4NT\u00d6JEN MUUTTAMINEN<\/h4>\n<p>N\u00e4iden s\u00e4\u00e4nt\u00f6jen muuttamiseen vaaditaan yhden kokouksen p\u00e4\u00e4t\u00f6s, jossa s\u00e4\u00e4nt\u00f6jen muutosta on kannattanut v\u00e4hint\u00e4\u00e4n kolme nelj\u00e4sosaa (3\/4) \u00e4\u00e4nestyksess\u00e4 annetuista \u00e4\u00e4nist\u00e4. Ilmoitus muutosehdotuksesta on sis\u00e4llytett\u00e4v\u00e4 kokouskutsuun. S\u00e4\u00e4nt\u00f6jen muuttaminen edellytt\u00e4\u00e4 lis\u00e4ksi liiton hallituksen suostumuksen.<\/p>\n<h4>13 \u00a7 YHDISTYKSEN PURKAMINEN<\/h4>\n<p>Yhdistyksen purkamisesta p\u00e4\u00e4tt\u00e4\u00e4 yhdistyksen kokous. P\u00e4\u00e4t\u00f6s on teht\u00e4v\u00e4 kokouksessa, jossa p\u00e4\u00e4t\u00f6st\u00e4 tulee kannattaa v\u00e4hint\u00e4\u00e4n kolme nelj\u00e4sosaa (3\/4) annetuista \u00e4\u00e4nist\u00e4. Viimeisess\u00e4 kokouksessa on tarvittaessa p\u00e4\u00e4tett\u00e4v\u00e4 yhdistyksen purkautuessa j\u00e4ljelle j\u00e4\u00e4vien varojen luovuttamisesta.<\/p>\n<p>Yhdistyksen purkautuessa sen j\u00e4ljelle j\u00e4\u00e4v\u00e4t varat luovutetaan liitolle, tai jollei liittoa ole, jollekin yhdistyksen tarkoitusperi\u00e4 edist\u00e4v\u00e4lle oikeuskelpoiselle yhteis\u00f6lle sen mukaisesti, mit\u00e4 yhdistyksen viimeisess\u00e4 kokouksessa on p\u00e4\u00e4tetty.<\/p>\n<p>S\u00e4\u00e4nn\u00f6t p\u00e4ivitetty 25.3.2026 (Hyv\u00e4ksytty prh:ssa ja liitossa)<\/p>\n\n\n<p><\/p>","protected":false},"excerpt":{"rendered":"<p>Yhdistyksen s\u00e4\u00e4nn\u00f6t 1 \u00a7 NIMI JA KOTIPAIKKA Yhdistyksen nimi on\u00a0SF-Caravan Valkeakosken seutu ry Yhdistyksen kotipaikka on\u00a0Valkeakoski Yhdistys kuuluu j\u00e4senyhdistyksen\u00e4 SF-Caravan ry:een, josta k\u00e4ytet\u00e4\u00e4n n\u00e4iss\u00e4 s\u00e4\u00e4nn\u00f6iss\u00e4 nimityst\u00e4 liitto. J\u00e4senyhdistyksell\u00e4 on liiton<a class=\"more-link\" href=\"https:\/\/sfc-hakalanranta.com\/en\/jasenalue\/sfc-038-yhdistyksen-saannot\/\">Continue reading <span class=\"screen-reader-text\">&#8221;SFC-038 &#8211; yhdistyksen s\u00e4\u00e4nn\u00f6t&#8221;<\/span><\/a><\/p>","protected":false},"author":5,"featured_media":0,"parent":3862,"menu_order":0,"comment_status":"closed","ping_status":"closed","template":"","meta":{"footnotes":""},"class_list":["post-1667","page","type-page","status-publish","hentry","entry"],"_links":{"self":[{"href":"https:\/\/sfc-hakalanranta.com\/en\/wp-json\/wp\/v2\/pages\/1667","targetHints":{"allow":["GET"]}}],"collection":[{"href":"https:\/\/sfc-hakalanranta.com\/en\/wp-json\/wp\/v2\/pages"}],"about":[{"href":"https:\/\/sfc-hakalanranta.com\/en\/wp-json\/wp\/v2\/types\/page"}],"author":[{"embeddable":true,"href":"https:\/\/sfc-hakalanranta.com\/en\/wp-json\/wp\/v2\/users\/5"}],"replies":[{"embeddable":true,"href":"https:\/\/sfc-hakalanranta.com\/en\/wp-json\/wp\/v2\/comments?post=1667"}],"version-history":[{"count":13,"href":"https:\/\/sfc-hakalanranta.com\/en\/wp-json\/wp\/v2\/pages\/1667\/revisions"}],"predecessor-version":[{"id":4685,"href":"https:\/\/sfc-hakalanranta.com\/en\/wp-json\/wp\/v2\/pages\/1667\/revisions\/4685"}],"up":[{"embeddable":true,"href":"https:\/\/sfc-hakalanranta.com\/en\/wp-json\/wp\/v2\/pages\/3862"}],"wp:attachment":[{"href":"https:\/\/sfc-hakalanranta.com\/en\/wp-json\/wp\/v2\/media?parent=1667"}],"curies":[{"name":"wp","href":"https:\/\/api.w.org\/{rel}","templated":true}]}}