{"id":3833,"date":"2023-07-24T14:26:26","date_gmt":"2023-07-24T11:26:26","guid":{"rendered":"https:\/\/sfc-hakalanranta.com\/?page_id=3833"},"modified":"2026-02-07T11:58:12","modified_gmt":"2026-02-07T09:58:12","slug":"vierailijoille","status":"publish","type":"page","link":"https:\/\/sfc-hakalanranta.com\/en\/vierailijoille\/","title":{"rendered":"For guests"},"content":{"rendered":"<div class=\"wp-block-group alignfull\"><div class=\"wp-block-group__inner-container is-layout-constrained wp-container-core-group-is-layout-02aec117 wp-block-group-is-layout-constrained\">\n<div class=\"wp-block-cover alignfull is-light has-custom-content-position is-position-top-left\" style=\"padding-top:7vw;padding-right:7vw;padding-bottom:7vw;padding-left:7vw;min-height:739px;aspect-ratio:unset;\"><img loading=\"lazy\" decoding=\"async\" width=\"1600\" height=\"1200\" class=\"wp-block-cover__image-background wp-image-3747\" alt=\"\" src=\"https:\/\/esimerkkisivusfc.files.wordpress.com\/2023\/06\/hakalanranta00031-1.jpg\" style=\"object-position:58% 47%\" data-object-fit=\"cover\" data-object-position=\"58% 47%\" srcset=\"https:\/\/sfc-hakalanranta.com\/wp-content\/uploads\/2023\/06\/hakalanranta00031-1.jpg 1600w, https:\/\/sfc-hakalanranta.com\/wp-content\/uploads\/2023\/06\/hakalanranta00031-1-300x225.jpg 300w, https:\/\/sfc-hakalanranta.com\/wp-content\/uploads\/2023\/06\/hakalanranta00031-1-1024x768.jpg 1024w, https:\/\/sfc-hakalanranta.com\/wp-content\/uploads\/2023\/06\/hakalanranta00031-1-768x576.jpg 768w, https:\/\/sfc-hakalanranta.com\/wp-content\/uploads\/2023\/06\/hakalanranta00031-1-1536x1152.jpg 1536w, https:\/\/sfc-hakalanranta.com\/wp-content\/uploads\/2023\/06\/hakalanranta00031-1-200x150.jpg 200w, https:\/\/sfc-hakalanranta.com\/wp-content\/uploads\/2023\/06\/hakalanranta00031-1-400x300.jpg 400w, https:\/\/sfc-hakalanranta.com\/wp-content\/uploads\/2023\/06\/hakalanranta00031-1-600x450.jpg 600w, https:\/\/sfc-hakalanranta.com\/wp-content\/uploads\/2023\/06\/hakalanranta00031-1-800x600.jpg 800w, https:\/\/sfc-hakalanranta.com\/wp-content\/uploads\/2023\/06\/hakalanranta00031-1-1200x900.jpg 1200w\" sizes=\"auto, (max-width: 1600px) 100vw, 1600px\" \/><span aria-hidden=\"true\" class=\"wp-block-cover__background has-background-dim-0 has-background-dim\"><\/span><div class=\"wp-block-cover__inner-container is-layout-flow wp-block-cover-is-layout-flow\">\n<p class=\"has-foreground-dark-color has-text-color has-huge-font-size\">Vinkkej\u00e4 <br>vierailijoille<\/p>\n<\/div><\/div>\n<\/div><\/div>\n\n\n\n<div class=\"wp-block-columns is-layout-flex wp-container-core-columns-is-layout-28f84493 wp-block-columns-is-layout-flex\">\n<div class=\"wp-block-column is-layout-flow wp-block-column-is-layout-flow\">\n<h2 class=\"wp-block-heading\">Caravan camping<\/h2>\n\n\n\n<p>Leirint\u00e4alue sijaitsee Valkeakosken S\u00e4\u00e4ksm\u00e4ell\u00e4, Ritvalan kyl\u00e4ss\u00e4.\u00a0Hakalanrannassa\u00a0on s\u00e4hk\u00f6istettyj\u00e4 vaunupaikkoja noin 50 kpl. Is\u00e4nt\u00e4p\u00e4ivystys palvelee kes\u00e4kaudella kaikkina p\u00e4ivin\u00e4. Tammi-huhtikuussa is\u00e4nt\u00e4p\u00e4ivystys viikonloppuisin. <\/p>\n\n\n\n<p>Alueen ranta on eritt\u00e4in lapsiyst\u00e4v\u00e4llist\u00e4 matalaa hiekkarantaa ja alueen vieress\u00e4 on my\u00f6s kunnan yleinen uimaranta. Matkailijoiden k\u00e4ytt\u00f6\u00f6n on tarjolla SUP-lautoja ja soutuveneit\u00e4. Veneilem\u00e4\u00e4n l\u00e4htev\u00e4t saavat is\u00e4nn\u00e4lt\u00e4 lainaksi pelastusliivej\u00e4.<\/p>\n\n\n\n<p>Talviviikonloppuisin alueella k\u00e4y yleens\u00e4 auto- tai vaunukunnan v\u00e4ke\u00e4 ulkoilemassa, hiiht\u00e4m\u00e4ss\u00e4, pilkkim\u00e4ss\u00e4 tai muuten vain vapaa-aikaa viett\u00e4m\u00e4ss\u00e4.<\/p>\n\n\n\n<p>SFC-j\u00e4senilt\u00e4 vuorokausimaksu on 27\u20ac kes\u00e4ll\u00e4 ja talviaikaan 30\u20ac.<\/p>\n\n\n\n<p>Vuorokausimaksu ei SFC-j\u00e4senille on kes\u00e4ll\u00e4 40 \u20ac ja talvella 45 \u20ac.<\/p>\n\n\n\n<figure class=\"wp-block-image size-large\"><img decoding=\"async\" src=\"https:\/\/esimerkkisivusfc.files.wordpress.com\/2023\/07\/dji_0092.jpg?w=1024\" alt=\"\" class=\"wp-image-3775\"\/><figcaption class=\"wp-element-caption\">20220725, S\u00c4\u00c4SM\u00c4KI, SF-CARAVAN VALKEAKOSKEN SEUTU RY, HAKALANRANTA.  Kuva: Veli-Matti A. Pitk\u00e4nen<\/figcaption><\/figure>\n<\/div>\n\n\n\n<div class=\"wp-block-column is-layout-flow wp-block-column-is-layout-flow\">\n<h2 class=\"wp-block-heading\">Our services<\/h2>\n\n\n\n<h3 class=\"wp-block-heading\">Saunas<\/h3>\n\n\n\n<figure class=\"wp-block-gallery has-nested-images columns-default is-cropped wp-block-gallery-1 is-layout-flex wp-block-gallery-is-layout-flex\">\n<figure class=\"wp-block-image size-large\"><img loading=\"lazy\" decoding=\"async\" width=\"768\" height=\"1024\" data-id=\"4526\" src=\"https:\/\/sfc-hakalanranta.com\/wp-content\/uploads\/2025\/09\/Kuun-silta-768x1024.jpg\" alt=\"\" class=\"wp-image-4526\" srcset=\"https:\/\/sfc-hakalanranta.com\/wp-content\/uploads\/2025\/09\/Kuun-silta-768x1024.jpg 768w, https:\/\/sfc-hakalanranta.com\/wp-content\/uploads\/2025\/09\/Kuun-silta-225x300.jpg 225w, https:\/\/sfc-hakalanranta.com\/wp-content\/uploads\/2025\/09\/Kuun-silta-1152x1536.jpg 1152w, https:\/\/sfc-hakalanranta.com\/wp-content\/uploads\/2025\/09\/Kuun-silta-1536x2048.jpg 1536w, https:\/\/sfc-hakalanranta.com\/wp-content\/uploads\/2025\/09\/Kuun-silta-9x12.jpg 9w, https:\/\/sfc-hakalanranta.com\/wp-content\/uploads\/2025\/09\/Kuun-silta-1568x2091.jpg 1568w, https:\/\/sfc-hakalanranta.com\/wp-content\/uploads\/2025\/09\/Kuun-silta-scaled.jpg 1920w\" sizes=\"auto, (max-width: 768px) 100vw, 768px\" \/><figcaption class=\"wp-element-caption\">20220725, S\u00c4\u00c4SM\u00c4KI, SF-CARAVAN VALKEAKOSKEN SEUTU RY, HAKALANRANTA. <\/figcaption><\/figure>\n<\/figure>\n\n\n\n<p>Saunavuorot kes\u00e4kaudella maanantaina, keskiviikkona, perjantaina ja lauantaina. Sauna-ajat n\u00e4ht\u00e4viss\u00e4 toimiston ilmoitustaululta.<\/p>\n\n\n\n<p>Talvikaudella saunavuorot perjantaina ja lauantaina. Sauna-ajat n\u00e4ht\u00e4viss\u00e4 toimiston ilmoitustaululta. <\/p>\n\n\n\n<p>Saunan suihkut ovat kes\u00e4kaudella aamulla avoinna miehille klo 8-9 ja naisille 9-10.<\/p>\n\n\n\n<p>Yleisten saunavuorojen ulkopuolella voit varata is\u00e4nn\u00e4lt\u00e4 tilaussaunan. <\/p>\n\n\n\n<h2 class=\"wp-block-heading\">  <br>Other services<\/h2>\n\n\n\n<ul class=\"wp-block-list\">\n<li>Tiskauspaikat ja ruoanlaittomahdollisuus Syd\u00e4ntuvalla. Luiskat liikuntarajoitteisten liikkumisen helpottamiseksi <\/li>\n\n\n\n<li>Pyykinpesumahdollisuus vanhassa huoltorakennuksessa<\/li>\n\n\n\n<li>Two toilets for women and men, the other at the old service building, the other at Syd\u00e4ntupa building. Syd\u00e4ntupa building hosts a toilet for disabled.<\/li>\n\n\n\n<li>Syd\u00e4ntupa has a living room with TV, stereo and board games.<\/li>\n\n\n\n<li>Barbeque shelter and firewood at your convenience<\/li>\n\n\n\n<li>Waste disposal for chemical WC and grey water<\/li>\n\n\n\n<li>Different yard games (m\u00f6lkky, darts, petanque) available, please consult the on-duty manager<\/li>\n\n\n\n<li>3 rowing boats and 2 SUP boards at your convenience. Underage users only by permit from guardian. Please consult the on-duty manager.<\/li>\n\n\n\n<li>Electric outboard engine can be borrowed for 4\u20ac\/2\u20ac\/h (guests\/members)<\/li>\n\n\n\n<li>Valkeakosken Sanomat and Aamulehti papers available during 1.6-31.8. The papers can be found at Syd\u00e4ntupa building.<\/li>\n<\/ul>\n\n\n\n<figure class=\"wp-block-image size-large\"><img loading=\"lazy\" decoding=\"async\" width=\"1024\" height=\"768\" src=\"https:\/\/sfc-hakalanranta.com\/wp-content\/uploads\/2025\/09\/maisema2-1024x768.jpg\" alt=\"\" class=\"wp-image-4527\" srcset=\"https:\/\/sfc-hakalanranta.com\/wp-content\/uploads\/2025\/09\/maisema2-1024x768.jpg 1024w, https:\/\/sfc-hakalanranta.com\/wp-content\/uploads\/2025\/09\/maisema2-300x225.jpg 300w, https:\/\/sfc-hakalanranta.com\/wp-content\/uploads\/2025\/09\/maisema2-768x576.jpg 768w, https:\/\/sfc-hakalanranta.com\/wp-content\/uploads\/2025\/09\/maisema2-1536x1152.jpg 1536w, https:\/\/sfc-hakalanranta.com\/wp-content\/uploads\/2025\/09\/maisema2-2048x1536.jpg 2048w, https:\/\/sfc-hakalanranta.com\/wp-content\/uploads\/2025\/09\/maisema2-16x12.jpg 16w, https:\/\/sfc-hakalanranta.com\/wp-content\/uploads\/2025\/09\/maisema2-1568x1176.jpg 1568w\" sizes=\"auto, (max-width: 1024px) 100vw, 1024px\" \/><figcaption class=\"wp-element-caption\">20220725, S\u00c4\u00c4SM\u00c4KI, SF-CARAVAN VALKEAKOSKEN SEUTU RY, HAKALANRANTA. <\/figcaption><\/figure>\n<\/div>\n<\/div>\n\n\n\n<figure class=\"wp-block-image size-large is-resized\"><img loading=\"lazy\" decoding=\"async\" width=\"241\" height=\"209\" src=\"https:\/\/esimerkkisivusfc.files.wordpress.com\/2023\/06\/download.png?w=241\" alt=\"\" class=\"wp-image-3755\" style=\"width:378px;height:328px\" srcset=\"https:\/\/sfc-hakalanranta.com\/wp-content\/uploads\/2023\/06\/download.png 241w, https:\/\/sfc-hakalanranta.com\/wp-content\/uploads\/2023\/06\/download-200x173.png 200w\" sizes=\"auto, (max-width: 241px) 100vw, 241px\" \/><\/figure>\n\n\n\n<h2 class=\"wp-block-heading\">To do and see in Hakalanranta<\/h2>\n\n\n\n<p><a href=\"https:\/\/www.valkeakoski.fi\/kulttuuri-ja-liikunta\/\">Culture and sports events at Valkeakoski \u2013&gt; <\/a><\/p>\n\n\n\n<p><a href=\"https:\/\/www.valkeakoski.fi\/\">City of Valkeakoski \u2013&gt;<\/a><\/p>\n\n\n\n<p><a href=\"https:\/\/www.luontoon.fi\/rapola\">Fort of Rapola \u2013&gt;<\/a><\/p>\n\n\n\n<p><a href=\"https:\/\/proagria-mkn.maps.arcgis.com\/apps\/MapSeries\/index.html?appid=28ea0396a61648be889a2b53bf6dd462\">Huittula story trail\u2013&gt;<\/a><\/p>\n\n\n\n<p><a href=\"https:\/\/www.hameenlinna.fi\/\">City of H\u00e4meenlinna \u2013&gt;<\/a><\/p>\n\n\n\n<p><a href=\"https:\/\/www.kansallismuseo.fi\/fi\/haemeenlinna\">H\u00e4me Castle<\/a><\/p>\n\n\n\n<p><a href=\"https:\/\/akaa.fi\/\">City of Akaa \u2013&gt;<\/a><\/p>\n\n\n\n<p><a href=\"https:\/\/www.tampere.fi\/\">City of Tampere \u2013&gt;<\/a><\/p>\n\n\n\n<figure class=\"wp-block-image size-large is-resized\"><img decoding=\"async\" src=\"https:\/\/esimerkkisivusfc.files.wordpress.com\/2023\/06\/f888f-hakalanranta00064.jpg?w=750\" alt=\"\" class=\"wp-image-2032\" style=\"width:779px;height:584px\"\/><\/figure>\n\n\n\n<h2 class=\"wp-block-heading\">Rules of the caravan camping<\/h2>\n\n\n\n<h3 class=\"wp-block-heading\">Rules of Hakalanranta camping<\/h3>\n\n\n\n<h4 class=\"wp-block-heading\">Purpose of the area<\/h4>\n\n\n\n<p>1 \u00a7 \u00a0Hakalanrannan cravan camping is meant for u SF- Caravan ry and its Nordic and European cooperation association's members recreation and  spare time usage<\/p>\n\n\n\n<p>2 \u00a7 &nbsp;Lis\u00e4ksi alueella voivat y\u00f6py\u00e4 vanhempiensa vaunuissa ja autoissa SF- Caravan Valkeakosken seutu ry:n j\u00e4senten lapset perheineen. Y\u00f6pymien on mahdollista kun alueella on is\u00e4nt\u00e4p\u00e4ivystys. Lis\u00e4ksi y\u00f6pyjien tulee olla SF-Caravan Valkeakosken seutu ry:n j\u00e4sen.<\/p>\n\n\n\n<p>(P\u00e4ivitetty 30.4.2025 hallituksen kokouksen p\u00e4\u00e4t\u00f6ksen mukaisesti)<\/p>\n\n\n\n<h4 class=\"wp-block-heading\">Arriving at the camping area<\/h4>\n\n\n\n<p>3 \u00a7 &nbsp;Alue toimii osin itsepalveluperiaatteella. Saapuessasi ilmoittaudu toiminnasta vastaaville henkil\u00f6ille tai soittamalla aluevastaavalle.<\/p>\n\n\n\n<p>4 \u00a7 Present a valid member card if required<\/p>\n\n\n\n<p>5 \u00a7 \u00a0Driving with motorized vehciles is allowed only between arrival area and individual camping area.<\/p>\n\n\n\n<p>6 \u00a7 At the caravan camping you must follow speed limit and other traffic signs.<\/p>\n\n\n\n<p>7 \u00a7 Guests must leave their vehicles at the parking space.<\/p>\n\n\n\n<p>8 \u00a7 Avoid unnecessary disturbances, if arriving in the evening or leaving early in the morning. Silence between 23:00-07:00.<\/p>\n\n\n\n<h4 class=\"wp-block-heading\">Camping<\/h4>\n\n\n\n<p>9 \u00a7 Refer to guidance by on-duty manager on similar regarding placement of vehicles or caravans<\/p>\n\n\n\n<p>10 \u00a7 A safety zone of at least 4 m must be observed between vehicles or awnings\/tents.<\/p>\n\n\n\n<p>11 \u00a7 No tents allowed. Camping is allowed only in caravan vehicles.<\/p>\n\n\n\n<h4 class=\"wp-block-heading\">Residing at the area<\/h4>\n\n\n\n<p>12 \u00a7 Fires are only allowed at designated areas<\/p>\n\n\n\n<p>13 \u00a7 Fixed structures\/arrangement around caravan vehicles are not allowed.<\/p>\n\n\n\n<p>14 \u00a7 Respect other visitor's wishes to be left alone.<\/p>\n\n\n\n<p>15 \u00a7 Firearms, dangerous edged weapons and other disturbing and dangerous items are forbidden in the area.<\/p>\n\n\n\n<p>16 \u00a7 Show respect and discretion using televisions, radios and playing instruments throughout the day.<\/p>\n\n\n\n<p>17 \u00a7 Ensure that your children's playing is not disturbing other residents.<\/p>\n\n\n\n<p>18 \u00a7 Idling of vehicles forbidden (ANA 5  \u00a7)<\/p>\n\n\n\n<p>19 \u00a7 Pets must be kept in a leash in the area. They are forbidden in the barbeque shelter, bathrooms and toilers and other general areas.<\/p>\n\n\n\n<p>20 \u00a7 Silence between 23:00-07:00. (Silence does not mean normal discussion)<\/p>\n\n\n\n<h4 class=\"wp-block-heading\">Cleanliness<\/h4>\n\n\n\n<p>21 \u00a7 Keep the area you are using clean and clean it carefully upon leaving<\/p>\n\n\n\n<p>22 \u00a7 Take care of waste disposal and use waste facilities for them.<\/p>\n\n\n\n<p>23 \u00a7 Personal washing up and washing of laundry are only allowed in designated areas.<\/p>\n\n\n\n<h4 class=\"wp-block-heading\">Liabilities<\/h4>\n\n\n\n<p>24 \u00a7 Each and every person is liable to their own part to ensure order and safety.<\/p>\n\n\n\n<p>25 \u00a7 Each and every person must look after personal belongings.<\/p>\n\n\n\n<p>26 \u00a7 Person responsible for harm or accidents is liable to reimburse the accident or harm.<\/p>\n\n\n\n<p>27 \u00a7 Get to know safety procedures displayed at the office boards.<\/p>\n\n\n\n<p>28 \u00a7 Persons or caravans not obeying orders may be removed from the area.<\/p>\n\n\n\n<h4 class=\"wp-block-heading\">Leaving the area<\/h4>\n\n\n\n<p>29 \u00a7 Upon leaving the area, the spot you have occupied is freed for another guest.<\/p>\n\n\n\n<h4 class=\"wp-block-heading\">General rules<\/h4>\n\n\n\n<p>30 \u00a7 In addition to the previous articles, each an every person must obey the Outdoor recreation act and Public order act as well as any orders given by the on-duty manager.<\/p>\n\n\n\n<p>Valkeakoski 12th of September 1995<\/p>\n\n\n\n<p>SF-C Valkeakosken seutu ry board<\/p>","protected":false},"excerpt":{"rendered":"<p>Leirint\u00e4alue Leirint\u00e4alue sijaitsee Valkeakosken S\u00e4\u00e4ksm\u00e4ell\u00e4, Ritvalan kyl\u00e4ss\u00e4.\u00a0Hakalanrannassa\u00a0on s\u00e4hk\u00f6istettyj\u00e4 vaunupaikkoja noin 50 kpl. Is\u00e4nt\u00e4p\u00e4ivystys palvelee kes\u00e4kaudella kaikkina p\u00e4ivin\u00e4. Tammi-huhtikuussa is\u00e4nt\u00e4p\u00e4ivystys viikonloppuisin. Alueen ranta on eritt\u00e4in lapsiyst\u00e4v\u00e4llist\u00e4 matalaa hiekkarantaa ja alueen vieress\u00e4<a class=\"more-link\" href=\"https:\/\/sfc-hakalanranta.com\/en\/vierailijoille\/\">Continue reading <span class=\"screen-reader-text\">&#8221;Vierailijoille&#8221;<\/span><\/a><\/p>","protected":false},"author":5,"featured_media":0,"parent":0,"menu_order":0,"comment_status":"closed","ping_status":"closed","template":"","meta":{"footnotes":""},"class_list":["post-3833","page","type-page","status-publish","hentry","entry"],"_links":{"self":[{"href":"https:\/\/sfc-hakalanranta.com\/en\/wp-json\/wp\/v2\/pages\/3833","targetHints":{"allow":["GET"]}}],"collection":[{"href":"https:\/\/sfc-hakalanranta.com\/en\/wp-json\/wp\/v2\/pages"}],"about":[{"href":"https:\/\/sfc-hakalanranta.com\/en\/wp-json\/wp\/v2\/types\/page"}],"author":[{"embeddable":true,"href":"https:\/\/sfc-hakalanranta.com\/en\/wp-json\/wp\/v2\/users\/5"}],"replies":[{"embeddable":true,"href":"https:\/\/sfc-hakalanranta.com\/en\/wp-json\/wp\/v2\/comments?post=3833"}],"version-history":[{"count":24,"href":"https:\/\/sfc-hakalanranta.com\/en\/wp-json\/wp\/v2\/pages\/3833\/revisions"}],"predecessor-version":[{"id":4610,"href":"https:\/\/sfc-hakalanranta.com\/en\/wp-json\/wp\/v2\/pages\/3833\/revisions\/4610"}],"wp:attachment":[{"href":"https:\/\/sfc-hakalanranta.com\/en\/wp-json\/wp\/v2\/media?parent=3833"}],"curies":[{"name":"wp","href":"https:\/\/api.w.org\/{rel}","templated":true}]}}