{"id":3840,"date":"2023-07-24T14:30:28","date_gmt":"2023-07-24T11:30:28","guid":{"rendered":"https:\/\/sfc-hakalanranta.com\/?page_id=3840"},"modified":"2023-08-31T14:31:48","modified_gmt":"2023-08-31T11:31:48","slug":"ajo-ohje","status":"publish","type":"page","link":"https:\/\/sfc-hakalanranta.com\/en\/ajo-ohje\/","title":{"rendered":"Driving directions"},"content":{"rendered":"<div class=\"wp-block-media-text alignfull is-stacked-on-mobile is-image-fill has-white-background-color has-background\" style=\"grid-template-columns:56% auto\"><figure class=\"wp-block-media-text__media\" style=\"background-image:url(https:\/\/esimerkkisivusfc.files.wordpress.com\/2023\/06\/1000_f_112815192_v1h4kpaax72x2vvkzrhfacg79pjteeha.jpg?w=1000);background-position:50% 50%\"><img loading=\"lazy\" decoding=\"async\" width=\"1000\" height=\"1000\" src=\"https:\/\/esimerkkisivusfc.files.wordpress.com\/2023\/06\/1000_f_112815192_v1h4kpaax72x2vvkzrhfacg79pjteeha.jpg?w=1000\" alt=\"\" class=\"wp-image-3624 size-full\" srcset=\"https:\/\/sfc-hakalanranta.com\/wp-content\/uploads\/2023\/06\/1000_f_112815192_v1h4kpaax72x2vvkzrhfacg79pjteeha.jpg 1000w, https:\/\/sfc-hakalanranta.com\/wp-content\/uploads\/2023\/06\/1000_f_112815192_v1h4kpaax72x2vvkzrhfacg79pjteeha-300x300.jpg 300w, https:\/\/sfc-hakalanranta.com\/wp-content\/uploads\/2023\/06\/1000_f_112815192_v1h4kpaax72x2vvkzrhfacg79pjteeha-150x150.jpg 150w, https:\/\/sfc-hakalanranta.com\/wp-content\/uploads\/2023\/06\/1000_f_112815192_v1h4kpaax72x2vvkzrhfacg79pjteeha-768x768.jpg 768w, https:\/\/sfc-hakalanranta.com\/wp-content\/uploads\/2023\/06\/1000_f_112815192_v1h4kpaax72x2vvkzrhfacg79pjteeha-66x66.jpg 66w, https:\/\/sfc-hakalanranta.com\/wp-content\/uploads\/2023\/06\/1000_f_112815192_v1h4kpaax72x2vvkzrhfacg79pjteeha-200x200.jpg 200w, https:\/\/sfc-hakalanranta.com\/wp-content\/uploads\/2023\/06\/1000_f_112815192_v1h4kpaax72x2vvkzrhfacg79pjteeha-400x400.jpg 400w, https:\/\/sfc-hakalanranta.com\/wp-content\/uploads\/2023\/06\/1000_f_112815192_v1h4kpaax72x2vvkzrhfacg79pjteeha-600x600.jpg 600w, https:\/\/sfc-hakalanranta.com\/wp-content\/uploads\/2023\/06\/1000_f_112815192_v1h4kpaax72x2vvkzrhfacg79pjteeha-800x800.jpg 800w\" sizes=\"auto, (max-width: 1000px) 100vw, 1000px\" \/><\/figure><div class=\"wp-block-media-text__content\">\n<div class=\"wp-block-cover is-light\" style=\"min-height:95vh;aspect-ratio:unset;\"><span aria-hidden=\"true\" class=\"wp-block-cover__background has-white-background-color has-background-dim-100 has-background-dim\"><\/span><div class=\"wp-block-cover__inner-container is-layout-flow wp-block-cover-is-layout-flow\">\n<p class=\"has-foreground-color has-text-color\">Mostly our caravan camping is reached by E12 (Helsinki-Tampere motorway) or freeway 12 (Tampere-Lahti). Below you find driving directions from both directions.<\/p>\n\n\n\n<p class=\"has-foreground-color has-text-color\"><strong>From Tampere<\/strong><\/p>\n\n\n\n<p class=\"has-foreground-color has-text-color\">From Tampere using the motorway, take the exit nr 36 towards Valkeakoski. Drive along route 130 for about 24 km and turn to the left at S\u00e4\u00e4ksm\u00e4ki junction. Then follow route 3071 for 4,5km, until you see a sign \"SFC 038) to the right.<\/p>\n\n\n\n<p class=\"has-foreground-color has-text-color\"><strong>From Helsinki<\/strong><\/p>\n\n\n\n<p class=\"has-foreground-color has-text-color\">From Helsinki direction on the Tampere motorway, take the exit nr 29 to Valkeakoski. Follow route 130 for 7 km, take a right at the S\u00e4\u00e4ksm\u00e4ki junction. Follow route 3071 about 4,5km, until you see a sign \"SFC 038\" to the right.<\/p>\n\n\n\n<p class=\"has-foreground-color has-text-color\"><strong>From Lahti<\/strong><\/p>\n\n\n\n<p class=\"has-foreground-color has-text-color\">Valtatien 12:n suunnalta tultaessa k\u00e4\u00e4nnyt\u00e4\u00e4n Valkeakoskelle tielle nro 307, ajetaan sit\u00e4 n. 10,7 kilometri\u00e4, k\u00e4\u00e4nnyt\u00e4\u00e4n vasemmalle Lukonm\u00e4entielle (hiekkatie), ajetaan tiet\u00e4 n. 6,4 kilometri\u00e4, k\u00e4\u00e4nnyt\u00e4\u00e4n oikealle tielle nro 3071, ajetaan tiet\u00e4 3071 n. 4,0 kilometri\u00e4 kunnes n\u00e4kyy viitta vasemmalle. Huom! Mik\u00e4li haluat v\u00e4ltt\u00e4\u00e4 soratiell\u00e4 ajoa, kannattaa ohittaa Lukonm\u00e4entien risteys ja jatkaa tiet\u00e4 307 Valkeakosken keskustaan. K\u00e4\u00e4nny Valkeakoskella H\u00e4meenlinna opasteiden mukaisesti vasemmalle (tie 310). Aja n. 3,4 km , kunnes tulet tien 130 risteykseen. K\u00e4\u00e4nny vasemmalle (tie 130). Aja tiet\u00e4 130 H\u00e4meenlinnan suuntaan n. 5,6 km. K\u00e4\u00e4nny vasemmalle S\u00e4\u00e4ksm\u00e4ki (tie 3071). Aja tiet\u00e4 3071 n. 4,2 km Ritvalan suuntaan. K\u00e4\u00e4nny opasteiden mukaisesti oikealle (Hakalanranta). Ajettuasi n. 0,51 km saavut perille SFC Hakalanrantaan. <\/p>\n\n\n\n<p class=\"has-foreground-color has-text-color\"><a href=\"https:\/\/www.google.fi\/maps\/place\/Hakalanranta+51,+37720+Valkeakoski\/@61.255728,24.0120404,11z\/data=!4m5!3m4!1s0x468ef100a0a0cd3d:0x6ff8ebfd70dd6e53!8m2!3d61.1852878!4d24.1167562\">Open Hakalanranta on Google Maps here<\/a><\/p>\n\n\n\n<p><\/p>\n<\/div><\/div>\n<\/div><\/div>","protected":false},"excerpt":{"rendered":"","protected":false},"author":5,"featured_media":0,"parent":0,"menu_order":0,"comment_status":"closed","ping_status":"closed","template":"","meta":{"footnotes":""},"class_list":["post-3840","page","type-page","status-publish","hentry","entry"],"_links":{"self":[{"href":"https:\/\/sfc-hakalanranta.com\/en\/wp-json\/wp\/v2\/pages\/3840","targetHints":{"allow":["GET"]}}],"collection":[{"href":"https:\/\/sfc-hakalanranta.com\/en\/wp-json\/wp\/v2\/pages"}],"about":[{"href":"https:\/\/sfc-hakalanranta.com\/en\/wp-json\/wp\/v2\/types\/page"}],"author":[{"embeddable":true,"href":"https:\/\/sfc-hakalanranta.com\/en\/wp-json\/wp\/v2\/users\/5"}],"replies":[{"embeddable":true,"href":"https:\/\/sfc-hakalanranta.com\/en\/wp-json\/wp\/v2\/comments?post=3840"}],"version-history":[{"count":4,"href":"https:\/\/sfc-hakalanranta.com\/en\/wp-json\/wp\/v2\/pages\/3840\/revisions"}],"predecessor-version":[{"id":3963,"href":"https:\/\/sfc-hakalanranta.com\/en\/wp-json\/wp\/v2\/pages\/3840\/revisions\/3963"}],"wp:attachment":[{"href":"https:\/\/sfc-hakalanranta.com\/en\/wp-json\/wp\/v2\/media?parent=3840"}],"curies":[{"name":"wp","href":"https:\/\/api.w.org\/{rel}","templated":true}]}}