{"id":3862,"date":"2023-07-24T15:01:42","date_gmt":"2023-07-24T12:01:42","guid":{"rendered":"https:\/\/sfc-hakalanranta.com\/?page_id=3862"},"modified":"2026-01-04T11:18:47","modified_gmt":"2026-01-04T09:18:47","slug":"jasenalue","status":"publish","type":"page","link":"https:\/\/sfc-hakalanranta.com\/en\/jasenalue\/","title":{"rendered":"Member area"},"content":{"rendered":"<p>T\u00e4m\u00e4n sivuston alla on linkitetty SFC Valkeakosken seutu ry:n j\u00e4senille tarkoitetut materiaalit. <\/p>\n\n\n\n<p><a href=\"https:\/\/sfc-hakalanranta.com\/en\/sfc-038-yhdistys\/\">SFC-038 hallitus ja hallituksen j\u00e4senet<\/a><\/p>\n\n\n\n<p><a href=\"https:\/\/sfc-hakalanranta.com\/en\/jasenalue\/sfc-038-yhdistyksen-saannot\/\">SFC-038 yhdistyksen s\u00e4\u00e4nn\u00f6t<\/a><\/p>\n\n\n\n<p><a href=\"https:\/\/sfc-hakalanranta.com\/en\/jasenalue\/sfc-038-historiikki\/\">SFC-038 Yhdistyksen historiikki<\/a><\/p>\n\n\n\n<p><a href=\"https:\/\/sfc-hakalanranta.com\/en\/hakalanrannan-leirintaalue__trashed\/hakalanranta-leirintaalueen-saannot\/\">Hakalanrannan s\u00e4\u00e4nn\u00f6t<\/a><\/p>\n\n\n\n<p><a href=\"https:\/\/sfc-hakalanranta.com\/en\/hakalanrannan-leirintaalue__trashed\/hakalanranta-ohjeita-kausi-ja-vuosipaikkalaisille\/\">Ohjeita kausi- ja vuosipaikalla oleville<\/a><\/p>\n\n\n\n<p><a href=\"https:\/\/sfc-hakalanranta.com\/en\/jasenalue\/__trashed-5\/\">Is\u00e4nt\u00e4vuorot 2026<\/a><\/p>\n\n\n\n<p><a href=\"https:\/\/sfc-hakalanranta.com\/en\/jasenalue\/yhdistyksen-syyskokous\/\">Yhdistyksen syyskokous<\/a><\/p>\n\n\n\n<p><\/p>","protected":false},"excerpt":{"rendered":"<p>T\u00e4m\u00e4n sivuston alla on linkitetty SFC Valkeakosken seutu ry:n j\u00e4senille tarkoitetut materiaalit. SFC-038 hallitus ja hallituksen j\u00e4senet SFC-038 yhdistyksen s\u00e4\u00e4nn\u00f6t SFC-038 Yhdistyksen historiikki Hakalanrannan s\u00e4\u00e4nn\u00f6t Ohjeita kausi- ja vuosipaikalla oleville<a class=\"more-link\" href=\"https:\/\/sfc-hakalanranta.com\/en\/jasenalue\/\">Continue reading <span class=\"screen-reader-text\">&#8221;J\u00e4senalue&#8221;<\/span><\/a><\/p>","protected":false},"author":5,"featured_media":0,"parent":0,"menu_order":0,"comment_status":"closed","ping_status":"closed","template":"","meta":{"footnotes":""},"class_list":["post-3862","page","type-page","status-publish","hentry","entry"],"_links":{"self":[{"href":"https:\/\/sfc-hakalanranta.com\/en\/wp-json\/wp\/v2\/pages\/3862","targetHints":{"allow":["GET"]}}],"collection":[{"href":"https:\/\/sfc-hakalanranta.com\/en\/wp-json\/wp\/v2\/pages"}],"about":[{"href":"https:\/\/sfc-hakalanranta.com\/en\/wp-json\/wp\/v2\/types\/page"}],"author":[{"embeddable":true,"href":"https:\/\/sfc-hakalanranta.com\/en\/wp-json\/wp\/v2\/users\/5"}],"replies":[{"embeddable":true,"href":"https:\/\/sfc-hakalanranta.com\/en\/wp-json\/wp\/v2\/comments?post=3862"}],"version-history":[{"count":21,"href":"https:\/\/sfc-hakalanranta.com\/en\/wp-json\/wp\/v2\/pages\/3862\/revisions"}],"predecessor-version":[{"id":4604,"href":"https:\/\/sfc-hakalanranta.com\/en\/wp-json\/wp\/v2\/pages\/3862\/revisions\/4604"}],"wp:attachment":[{"href":"https:\/\/sfc-hakalanranta.com\/en\/wp-json\/wp\/v2\/media?parent=3862"}],"curies":[{"name":"wp","href":"https:\/\/api.w.org\/{rel}","templated":true}]}}