{"id":3986,"date":"2023-09-12T22:02:40","date_gmt":"2023-09-12T19:02:40","guid":{"rendered":"https:\/\/sfc-hakalanranta.com\/?page_id=3986"},"modified":"2025-09-28T20:46:10","modified_gmt":"2025-09-28T17:46:10","slug":"sfc-hakalanranta-hinnasto","status":"publish","type":"page","link":"https:\/\/sfc-hakalanranta.com\/en\/sfc-hakalanranta-hinnasto\/","title":{"rendered":"Hinnasto"},"content":{"rendered":"<figure class=\"wp-block-image size-large is-resized\"><a href=\"https:\/\/sfc-hakalanranta.com\/wp-content\/uploads\/2023\/07\/dji_0092-scaled.jpg\"><img loading=\"lazy\" decoding=\"async\" width=\"1024\" height=\"576\" src=\"https:\/\/sfc-hakalanranta.com\/wp-content\/uploads\/2023\/07\/dji_0092-1024x576.jpg\" alt=\"\" class=\"wp-image-3781\" style=\"width:773px;height:435px\" srcset=\"https:\/\/sfc-hakalanranta.com\/wp-content\/uploads\/2023\/07\/dji_0092-1024x576.jpg 1024w, https:\/\/sfc-hakalanranta.com\/wp-content\/uploads\/2023\/07\/dji_0092-300x169.jpg 300w, https:\/\/sfc-hakalanranta.com\/wp-content\/uploads\/2023\/07\/dji_0092-768x432.jpg 768w, https:\/\/sfc-hakalanranta.com\/wp-content\/uploads\/2023\/07\/dji_0092-1536x864.jpg 1536w, https:\/\/sfc-hakalanranta.com\/wp-content\/uploads\/2023\/07\/dji_0092-2048x1152.jpg 2048w, https:\/\/sfc-hakalanranta.com\/wp-content\/uploads\/2023\/07\/dji_0092-200x113.jpg 200w, https:\/\/sfc-hakalanranta.com\/wp-content\/uploads\/2023\/07\/dji_0092-400x225.jpg 400w, https:\/\/sfc-hakalanranta.com\/wp-content\/uploads\/2023\/07\/dji_0092-600x338.jpg 600w, https:\/\/sfc-hakalanranta.com\/wp-content\/uploads\/2023\/07\/dji_0092-800x450.jpg 800w, https:\/\/sfc-hakalanranta.com\/wp-content\/uploads\/2023\/07\/dji_0092-1200x675.jpg 1200w\" sizes=\"auto, (max-width: 1024px) 100vw, 1024px\" \/><\/a><figcaption class=\"wp-element-caption\">20220725, S\u00c4\u00c4SM\u00c4KI, SF-CARAVAN VALKEAKOSKEN SEUTU RY, HAKALANRANTA.  Kuva: Veli-Matti A. Pitk\u00e4nen<\/figcaption><\/figure>\n\n\n\n<figure class=\"wp-block-table\"><table><tbody><tr><td><strong>Vuorokausimaksut<\/strong><\/td><td><\/td><td><\/td><td><\/td><\/tr><tr><td>Vuorokausimaksu SFC-j\u00e4sen<\/td><td>(kes\u00e4kaudella 1.5.\u201330.9.)<\/td><td>27 \u20ac\/vrk<\/td><td>Sis\u00e4lt\u00e4\u00e4 valos\u00e4hk\u00f6n (1 kWh)<\/td><\/tr><tr><td>Vuorokausimaksu SFC-j\u00e4sen<\/td><td>(talvikaudella 1.10.-30.4.)<\/td><td>30 \u20ac\/vrk<\/td><td>Sis\u00e4lt\u00e4\u00e4 valos\u00e4hk\u00f6n (1 kWh)<\/td><\/tr><tr><td>Vuorokausimaksu EI SFC-j\u00e4sen<\/td><td>(kes\u00e4kaudella 1.5.-30.9.)<\/td><td>40 \u20ac\/vrk<\/td><td>Sis\u00e4lt\u00e4\u00e4 valos\u00e4hk\u00f6n (1 kWh)<\/td><\/tr><tr><td>Vuorokausimaksu EI SFC-j\u00e4sen<\/td><td>(talvikaudella 1.10.-30.4.)<\/td><td>45 \u20ac\/vrk<\/td><td>Sis\u00e4lt\u00e4\u00e4 valos\u00e4hk\u00f6n (1 kWh)<\/td><\/tr><tr><td><\/td><td><\/td><td><\/td><td><\/td><\/tr><tr><td>Henkil\u00f6maksu<\/td><td>(kun henkil\u00f6m\u00e4\u00e4r\u00e4 yli 5 henkil\u00f6\u00e4)<\/td><td>2 \u20ac\/hl\u00f6\/vrk<\/td><td><\/td><\/tr><tr><td><\/td><td><\/td><td><\/td><td><\/td><\/tr><tr><td><strong>Ilmastointilaitteen k\u00e4ytt\u00f6<\/strong><\/td><td><\/td><td><\/td><td><\/td><\/tr><tr><td>Kiinte\u00e4 hinta<\/td><td><\/td><td>10 \u20ac\/vrk<\/td><td>(Kes\u00e4kaudella)<\/td><\/tr><tr><td>Kiinte\u00e4 hinta<\/td><td><\/td><td>15 \u20ac\/vrk<\/td><td>(Talvikaudella)<\/td><\/tr><tr><td><\/td><td><\/td><td><\/td><td><\/td><\/tr><tr><td><strong>Muut maksut<\/strong><\/td><td><\/td><td><\/td><td><\/td><\/tr><tr><td>11 kg kaasupullon vaihto<\/td><td><\/td><td>33 \u20ac<\/td><td><\/td><\/tr><tr><td>5 kg kaasupullon vaihto<\/td><td><\/td><td>25 \u20ac<\/td><td><\/td><\/tr><tr><td><\/td><td><\/td><td><\/td><td><\/td><\/tr><tr><td>Pyykinpesu<\/td><td><\/td><td>5 \u20ac \/ koneellinen&nbsp;<\/td><td>Pakettihinta pesukoneelle ja kuivausrummulle<\/td><\/tr><tr><td><\/td><td><\/td><td><\/td><td><\/td><\/tr><tr><td>Perhesauna<\/td><td><\/td><td>20 \u20ac \/ 50 min.<\/td><td><\/td><\/tr><tr><td><\/td><td><\/td><td><\/td><td><\/td><\/tr><tr><td>S\u00e4hk\u00f6per\u00e4moottori<\/td><td>Vieraat<\/td><td>4 \u20ac\/h<\/td><td><\/td><\/tr><tr><td>S\u00e4hk\u00f6per\u00e4moottori<\/td><td>SFC-038 j\u00e4sen (kausipaikkalainen)<\/td><td>2 \u20ac\/h<\/td><td><\/td><\/tr><tr><td><\/td><td><\/td><td><\/td><td><\/td><\/tr><tr><td><strong>Paikkamaksut<\/strong><\/td><td><\/td><td><\/td><td><\/td><\/tr><tr><td>Vuosipaikka<\/td><td>1.1.-31.12.<\/td><td>420 \u20ac<\/td><td>+S\u00e4hk\u00f6 mittarilla 0,30\u20ac\/kWh<\/td><\/tr><tr><td>Kev\u00e4tpaketti<\/td><td>1.1.-30.4.<\/td><td>250 \u20ac<\/td><td>+S\u00e4hk\u00f6 mittarilla 0,30\u20ac\/kWh<\/td><\/tr><tr><td>Kes\u00e4kuukausi<\/td><td><\/td><td>\u00a0300\u20ac\/kk<\/td><td>Paikkoja rajoitetusti!<\/td><\/tr><tr><td>Syyspaketti<\/td><td>1.9.-31.12.<\/td><td>250 \u20ac<\/td><td>+S\u00e4hk\u00f6 mittarilla 0,30\u20ac\/kWh<\/td><\/tr><tr><td>Venepaikka<\/td><td><\/td><td>30 \u20ac \/vuosi<\/td><td>Vuosipaikkalaisille<\/td><\/tr><tr><td>S\u00e4ilytyspaikka vaunulle\/autolle<\/td><td>1.9.-30.4.<\/td><td>20 \u20ac\/kk<\/td><td>Y\u00f6pyminen s\u00e4ilytyspaikalla normaali vrk -hintaan.<\/td><\/tr><tr><td><\/td><td><\/td><td><\/td><td><\/td><\/tr><tr><td><\/td><td><\/td><td><\/td><td><\/td><\/tr><tr><td><\/td><td><\/td><td><\/td><td><\/td><\/tr><\/tbody><\/table><\/figure>\n\n\n\n\n\n<p>&nbsp; &nbsp; &nbsp; &nbsp; &nbsp; &nbsp; &nbsp; &nbsp; &nbsp; &nbsp; &nbsp; &nbsp; &nbsp; &nbsp; &nbsp; &nbsp; &nbsp; &nbsp; &nbsp; &nbsp; &nbsp; &nbsp; &nbsp; &nbsp; &nbsp; &nbsp; &nbsp; &nbsp; &nbsp; &nbsp; &nbsp; &nbsp; &nbsp;<\/p>","protected":false},"excerpt":{"rendered":"<p>Vuorokausimaksut Vuorokausimaksu SFC-j\u00e4sen (kes\u00e4kaudella 1.5.\u201330.9.) 27 \u20ac\/vrk Sis\u00e4lt\u00e4\u00e4 valos\u00e4hk\u00f6n (1 kWh) Vuorokausimaksu SFC-j\u00e4sen (talvikaudella 1.10.-30.4.) 30 \u20ac\/vrk Sis\u00e4lt\u00e4\u00e4 valos\u00e4hk\u00f6n (1 kWh) Vuorokausimaksu EI SFC-j\u00e4sen (kes\u00e4kaudella 1.5.-30.9.) 40 \u20ac\/vrk Sis\u00e4lt\u00e4\u00e4 valos\u00e4hk\u00f6n<a class=\"more-link\" href=\"https:\/\/sfc-hakalanranta.com\/en\/sfc-hakalanranta-hinnasto\/\">Continue reading <span class=\"screen-reader-text\">&#8221;Hinnasto&#8221;<\/span><\/a><\/p>","protected":false},"author":5,"featured_media":0,"parent":0,"menu_order":0,"comment_status":"closed","ping_status":"closed","template":"","meta":{"footnotes":""},"class_list":["post-3986","page","type-page","status-publish","hentry","entry"],"_links":{"self":[{"href":"https:\/\/sfc-hakalanranta.com\/en\/wp-json\/wp\/v2\/pages\/3986","targetHints":{"allow":["GET"]}}],"collection":[{"href":"https:\/\/sfc-hakalanranta.com\/en\/wp-json\/wp\/v2\/pages"}],"about":[{"href":"https:\/\/sfc-hakalanranta.com\/en\/wp-json\/wp\/v2\/types\/page"}],"author":[{"embeddable":true,"href":"https:\/\/sfc-hakalanranta.com\/en\/wp-json\/wp\/v2\/users\/5"}],"replies":[{"embeddable":true,"href":"https:\/\/sfc-hakalanranta.com\/en\/wp-json\/wp\/v2\/comments?post=3986"}],"version-history":[{"count":16,"href":"https:\/\/sfc-hakalanranta.com\/en\/wp-json\/wp\/v2\/pages\/3986\/revisions"}],"predecessor-version":[{"id":4543,"href":"https:\/\/sfc-hakalanranta.com\/en\/wp-json\/wp\/v2\/pages\/3986\/revisions\/4543"}],"wp:attachment":[{"href":"https:\/\/sfc-hakalanranta.com\/en\/wp-json\/wp\/v2\/media?parent=3986"}],"curies":[{"name":"wp","href":"https:\/\/api.w.org\/{rel}","templated":true}]}}