{"id":4687,"date":"2026-03-28T10:57:30","date_gmt":"2026-03-28T08:57:30","guid":{"rendered":"https:\/\/sfc-hakalanranta.com\/?page_id=4687"},"modified":"2026-03-28T13:24:03","modified_gmt":"2026-03-28T11:24:03","slug":"ajankohtaista","status":"publish","type":"page","link":"https:\/\/sfc-hakalanranta.com\/en\/hakalanrannan-leirintaalue\/ajankohtaista\/","title":{"rendered":"Ajankohtaista"},"content":{"rendered":"<p><strong>AJANKOHTAISTA:<\/strong><\/p>\n\n\n\n<p>SF Caravan Valkeakosken seutu ry:n kev\u00e4tkokous 19.4.2026 kello 13.00 syd\u00e4ntuvalla Hakalanranta 51, 37720 Ritvala.<\/p>\n\n\n\n<p>Kokouksessa k\u00e4sitell\u00e4\u00e4n s\u00e4\u00e4nt\u00f6m\u00e4\u00e4r\u00e4iset asiat sek\u00e4 vuosikertomus 2025.<\/p>\n\n\n\n<p>Tilaisuus alkaa korttien tarkastuksella klo 12.30.<\/p>\n\n\n\n<p>Kokouksessa kahvitarjoilu.<\/p>\n\n\n\n<p>Tervetuloa!<\/p>\n\n\n\n<p><\/p>","protected":false},"excerpt":{"rendered":"<p>AJANKOHTAISTA: SF Caravan Valkeakosken seutu ry:n kev\u00e4tkokous 19.4.2026 kello 13.00 syd\u00e4ntuvalla Hakalanranta 51, 37720 Ritvala. Kokouksessa k\u00e4sitell\u00e4\u00e4n s\u00e4\u00e4nt\u00f6m\u00e4\u00e4r\u00e4iset asiat sek\u00e4 vuosikertomus 2025. Tilaisuus alkaa korttien tarkastuksella klo 12.30. Kokouksessa kahvitarjoilu.<a class=\"more-link\" href=\"https:\/\/sfc-hakalanranta.com\/en\/hakalanrannan-leirintaalue\/ajankohtaista\/\">Continue reading <span class=\"screen-reader-text\">&#8221;Ajankohtaista&#8221;<\/span><\/a><\/p>","protected":false},"author":5,"featured_media":0,"parent":3830,"menu_order":0,"comment_status":"closed","ping_status":"closed","template":"","meta":{"footnotes":""},"class_list":["post-4687","page","type-page","status-publish","hentry","entry"],"_links":{"self":[{"href":"https:\/\/sfc-hakalanranta.com\/en\/wp-json\/wp\/v2\/pages\/4687","targetHints":{"allow":["GET"]}}],"collection":[{"href":"https:\/\/sfc-hakalanranta.com\/en\/wp-json\/wp\/v2\/pages"}],"about":[{"href":"https:\/\/sfc-hakalanranta.com\/en\/wp-json\/wp\/v2\/types\/page"}],"author":[{"embeddable":true,"href":"https:\/\/sfc-hakalanranta.com\/en\/wp-json\/wp\/v2\/users\/5"}],"replies":[{"embeddable":true,"href":"https:\/\/sfc-hakalanranta.com\/en\/wp-json\/wp\/v2\/comments?post=4687"}],"version-history":[{"count":3,"href":"https:\/\/sfc-hakalanranta.com\/en\/wp-json\/wp\/v2\/pages\/4687\/revisions"}],"predecessor-version":[{"id":4692,"href":"https:\/\/sfc-hakalanranta.com\/en\/wp-json\/wp\/v2\/pages\/4687\/revisions\/4692"}],"up":[{"embeddable":true,"href":"https:\/\/sfc-hakalanranta.com\/en\/wp-json\/wp\/v2\/pages\/3830"}],"wp:attachment":[{"href":"https:\/\/sfc-hakalanranta.com\/en\/wp-json\/wp\/v2\/media?parent=4687"}],"curies":[{"name":"wp","href":"https:\/\/api.w.org\/{rel}","templated":true}]}}